{"id":22,"date":"2019-02-22T16:15:31","date_gmt":"2019-02-22T16:15:31","guid":{"rendered":"http:\/\/hz-automobile.de\/wordpress\/index.php\/about\/"},"modified":"2019-03-16T18:31:22","modified_gmt":"2019-03-16T18:31:22","slug":"about","status":"publish","type":"page","link":"https:\/\/hz-automobile.de\/index.php\/about\/","title":{"rendered":"\u00dcber uns"},"content":{"rendered":"\n<p><strong>Wir bieten Ihnen den besten Service<\/strong><br><br>Wir legen gro\u00dfen Wert darauf, hochwertige Ersatzteile zu verwenden und erstklassigen Service zu bieten. Hohe Qualit\u00e4t und der Dienst am Kunden liegen uns am Herzen. Wir verfolgen das Ziel, Ihre Erwartungen nicht nur zu erf\u00fcllen, sondern sie zu \u00fcbertreffen. Die modernen Ger\u00e4te und die qualitativ hochwertigen Produkte, mit denen wir arbeiten, erg\u00e4nzen unseren automobilen Service. Viele Autofahrer vertrauen bereits auf HZ-Automobile als kompetenten Partner, der ihnen das Autofahren so sorglos und angenehm wie m\u00f6glich macht.<\/p>\n\n\n\n<p>Unser Team aus Autoteile-Fachh\u00e4ndlern und KFZ-Mechatronikern sind kompetente Fachleute, die nicht nur ein Verst\u00e4ndnis f\u00fcr die KFZ-Technik sondern auch f\u00fcr die Autofahrer aufbringen. F\u00fcr unsere Leistungen und Reparaturarbeiten bieten wir eine flexible Gew\u00e4hrleistung, die sich an den Bed\u00fcrfnissen und Erwartungen unsere Kunden orientiert.<\/p>\n\n\n\n<p>Uns ist es wichtig, langfristige Beziehungen zu unseren Kunden aufzubauen, den besten Kundenservice zu bieten und die optimale L\u00f6sung f\u00fcr Ihr Fahrzeug zu finden. Damit Sie sich wohl f\u00fchlen, stehen wir Ihnen jederzeit f\u00fcr Fragen zur Verf\u00fcgung und erkl\u00e4ren Ihnen die vorgenommenen Reparaturarbeiten.<\/p>\n","protected":false},"excerpt":{"rendered":"<p>Wir bieten Ihnen den besten Service Wir legen gro\u00dfen Wert darauf, hochwertige Ersatzteile zu verwenden und erstklassigen Service zu bieten. Hohe Qualit\u00e4t und der Dienst am Kunden liegen uns am Herzen. Wir verfolgen das Ziel, Ihre Erwartungen nicht nur zu erf\u00fcllen, sondern sie zu \u00fcbertreffen. Die modernen Ger\u00e4te und die qualitativ hochwertigen Produkte, mit denen<\/p><\/div>\n<div class=\"blog-btn\"><a href=\"https:\/\/hz-automobile.de\/index.php\/about\/\" class=\"home-blog-btn\">Weiterlesen<\/a><\/p>\n","protected":false},"author":1,"featured_media":0,"parent":0,"menu_order":0,"comment_status":"closed","ping_status":"closed","template":"template\/template-about.php","meta":{"footnotes":""},"class_list":["post-22","page","type-page","status-publish","hentry"],"yoast_head":"<!-- This site is optimized with the Yoast SEO plugin v27.5 - https:\/\/yoast.com\/product\/yoast-seo-wordpress\/ -->\n<title>\u00dcber uns - HZ Automobile Ernst<\/title>\n<meta name=\"robots\" content=\"index, follow, max-snippet:-1, max-image-preview:large, max-video-preview:-1\" \/>\n<link rel=\"canonical\" href=\"https:\/\/hz-automobile.de\/index.php\/about\/\" \/>\n<meta property=\"og:locale\" content=\"de_DE\" \/>\n<meta property=\"og:type\" content=\"article\" \/>\n<meta property=\"og:title\" content=\"\u00dcber uns - HZ Automobile Ernst\" \/>\n<meta property=\"og:description\" content=\"Wir bieten Ihnen den besten Service Wir legen gro\u00dfen Wert darauf, hochwertige Ersatzteile zu verwenden und erstklassigen Service zu bieten. Hohe Qualit\u00e4t und der Dienst am Kunden liegen uns am Herzen. Wir verfolgen das Ziel, Ihre Erwartungen nicht nur zu erf\u00fcllen, sondern sie zu \u00fcbertreffen. Die modernen Ger\u00e4te und die qualitativ hochwertigen Produkte, mit denenWeiterlesen\" \/>\n<meta property=\"og:url\" content=\"https:\/\/hz-automobile.de\/index.php\/about\/\" \/>\n<meta property=\"og:site_name\" content=\"HZ Automobile Ernst\" \/>\n<meta property=\"article:modified_time\" content=\"2019-03-16T18:31:22+00:00\" \/>\n<meta name=\"twitter:card\" content=\"summary_large_image\" \/>\n<meta name=\"twitter:label1\" content=\"Gesch\u00e4tzte Lesezeit\" \/>\n\t<meta name=\"twitter:data1\" content=\"1\u00a0Minute\" \/>\n<script type=\"application\/ld+json\" class=\"yoast-schema-graph\">{\"@context\":\"https:\\\/\\\/schema.org\",\"@graph\":[{\"@type\":\"WebPage\",\"@id\":\"https:\\\/\\\/hz-automobile.de\\\/index.php\\\/about\\\/\",\"url\":\"https:\\\/\\\/hz-automobile.de\\\/index.php\\\/about\\\/\",\"name\":\"\u00dcber uns - HZ Automobile Ernst\",\"isPartOf\":{\"@id\":\"https:\\\/\\\/hz-automobile.de\\\/#website\"},\"datePublished\":\"2019-02-22T16:15:31+00:00\",\"dateModified\":\"2019-03-16T18:31:22+00:00\",\"breadcrumb\":{\"@id\":\"https:\\\/\\\/hz-automobile.de\\\/index.php\\\/about\\\/#breadcrumb\"},\"inLanguage\":\"de\",\"potentialAction\":[{\"@type\":\"ReadAction\",\"target\":[\"https:\\\/\\\/hz-automobile.de\\\/index.php\\\/about\\\/\"]}]},{\"@type\":\"BreadcrumbList\",\"@id\":\"https:\\\/\\\/hz-automobile.de\\\/index.php\\\/about\\\/#breadcrumb\",\"itemListElement\":[{\"@type\":\"ListItem\",\"position\":1,\"name\":\"Home\",\"item\":\"https:\\\/\\\/hz-automobile.de\\\/\"},{\"@type\":\"ListItem\",\"position\":2,\"name\":\"\u00dcber uns\"}]},{\"@type\":\"WebSite\",\"@id\":\"https:\\\/\\\/hz-automobile.de\\\/#website\",\"url\":\"https:\\\/\\\/hz-automobile.de\\\/\",\"name\":\"HZ Automobile Ernst\",\"description\":\"Ihr Autoprofi an der Mosel\",\"publisher\":{\"@id\":\"https:\\\/\\\/hz-automobile.de\\\/#organization\"},\"potentialAction\":[{\"@type\":\"SearchAction\",\"target\":{\"@type\":\"EntryPoint\",\"urlTemplate\":\"https:\\\/\\\/hz-automobile.de\\\/?s={search_term_string}\"},\"query-input\":{\"@type\":\"PropertyValueSpecification\",\"valueRequired\":true,\"valueName\":\"search_term_string\"}}],\"inLanguage\":\"de\"},{\"@type\":\"Organization\",\"@id\":\"https:\\\/\\\/hz-automobile.de\\\/#organization\",\"name\":\"HZ Automobile Ernst\",\"url\":\"https:\\\/\\\/hz-automobile.de\\\/\",\"logo\":{\"@type\":\"ImageObject\",\"inLanguage\":\"de\",\"@id\":\"https:\\\/\\\/hz-automobile.de\\\/#\\\/schema\\\/logo\\\/image\\\/\",\"url\":\"https:\\\/\\\/hz-automobile.de\\\/wp-content\\\/uploads\\\/2019\\\/02\\\/cropped-hz-logo-alt.jpg\",\"contentUrl\":\"https:\\\/\\\/hz-automobile.de\\\/wp-content\\\/uploads\\\/2019\\\/02\\\/cropped-hz-logo-alt.jpg\",\"width\":210,\"height\":94,\"caption\":\"HZ Automobile Ernst\"},\"image\":{\"@id\":\"https:\\\/\\\/hz-automobile.de\\\/#\\\/schema\\\/logo\\\/image\\\/\"}}]}<\/script>\n<!-- \/ Yoast SEO plugin. -->","yoast_head_json":{"title":"\u00dcber uns - HZ Automobile Ernst","robots":{"index":"index","follow":"follow","max-snippet":"max-snippet:-1","max-image-preview":"max-image-preview:large","max-video-preview":"max-video-preview:-1"},"canonical":"https:\/\/hz-automobile.de\/index.php\/about\/","og_locale":"de_DE","og_type":"article","og_title":"\u00dcber uns - HZ Automobile Ernst","og_description":"Wir bieten Ihnen den besten Service Wir legen gro\u00dfen Wert darauf, hochwertige Ersatzteile zu verwenden und erstklassigen Service zu bieten. Hohe Qualit\u00e4t und der Dienst am Kunden liegen uns am Herzen. Wir verfolgen das Ziel, Ihre Erwartungen nicht nur zu erf\u00fcllen, sondern sie zu \u00fcbertreffen. Die modernen Ger\u00e4te und die qualitativ hochwertigen Produkte, mit denenWeiterlesen","og_url":"https:\/\/hz-automobile.de\/index.php\/about\/","og_site_name":"HZ Automobile Ernst","article_modified_time":"2019-03-16T18:31:22+00:00","twitter_card":"summary_large_image","twitter_misc":{"Gesch\u00e4tzte Lesezeit":"1\u00a0Minute"},"schema":{"@context":"https:\/\/schema.org","@graph":[{"@type":"WebPage","@id":"https:\/\/hz-automobile.de\/index.php\/about\/","url":"https:\/\/hz-automobile.de\/index.php\/about\/","name":"\u00dcber uns - HZ Automobile Ernst","isPartOf":{"@id":"https:\/\/hz-automobile.de\/#website"},"datePublished":"2019-02-22T16:15:31+00:00","dateModified":"2019-03-16T18:31:22+00:00","breadcrumb":{"@id":"https:\/\/hz-automobile.de\/index.php\/about\/#breadcrumb"},"inLanguage":"de","potentialAction":[{"@type":"ReadAction","target":["https:\/\/hz-automobile.de\/index.php\/about\/"]}]},{"@type":"BreadcrumbList","@id":"https:\/\/hz-automobile.de\/index.php\/about\/#breadcrumb","itemListElement":[{"@type":"ListItem","position":1,"name":"Home","item":"https:\/\/hz-automobile.de\/"},{"@type":"ListItem","position":2,"name":"\u00dcber uns"}]},{"@type":"WebSite","@id":"https:\/\/hz-automobile.de\/#website","url":"https:\/\/hz-automobile.de\/","name":"HZ Automobile Ernst","description":"Ihr Autoprofi an der Mosel","publisher":{"@id":"https:\/\/hz-automobile.de\/#organization"},"potentialAction":[{"@type":"SearchAction","target":{"@type":"EntryPoint","urlTemplate":"https:\/\/hz-automobile.de\/?s={search_term_string}"},"query-input":{"@type":"PropertyValueSpecification","valueRequired":true,"valueName":"search_term_string"}}],"inLanguage":"de"},{"@type":"Organization","@id":"https:\/\/hz-automobile.de\/#organization","name":"HZ Automobile Ernst","url":"https:\/\/hz-automobile.de\/","logo":{"@type":"ImageObject","inLanguage":"de","@id":"https:\/\/hz-automobile.de\/#\/schema\/logo\/image\/","url":"https:\/\/hz-automobile.de\/wp-content\/uploads\/2019\/02\/cropped-hz-logo-alt.jpg","contentUrl":"https:\/\/hz-automobile.de\/wp-content\/uploads\/2019\/02\/cropped-hz-logo-alt.jpg","width":210,"height":94,"caption":"HZ Automobile Ernst"},"image":{"@id":"https:\/\/hz-automobile.de\/#\/schema\/logo\/image\/"}}]}},"_links":{"self":[{"href":"https:\/\/hz-automobile.de\/index.php\/wp-json\/wp\/v2\/pages\/22","targetHints":{"allow":["GET"]}}],"collection":[{"href":"https:\/\/hz-automobile.de\/index.php\/wp-json\/wp\/v2\/pages"}],"about":[{"href":"https:\/\/hz-automobile.de\/index.php\/wp-json\/wp\/v2\/types\/page"}],"author":[{"embeddable":true,"href":"https:\/\/hz-automobile.de\/index.php\/wp-json\/wp\/v2\/users\/1"}],"replies":[{"embeddable":true,"href":"https:\/\/hz-automobile.de\/index.php\/wp-json\/wp\/v2\/comments?post=22"}],"version-history":[{"count":4,"href":"https:\/\/hz-automobile.de\/index.php\/wp-json\/wp\/v2\/pages\/22\/revisions"}],"predecessor-version":[{"id":119,"href":"https:\/\/hz-automobile.de\/index.php\/wp-json\/wp\/v2\/pages\/22\/revisions\/119"}],"wp:attachment":[{"href":"https:\/\/hz-automobile.de\/index.php\/wp-json\/wp\/v2\/media?parent=22"}],"curies":[{"name":"wp","href":"https:\/\/api.w.org\/{rel}","templated":true}]}}